{"id":81,"date":"2015-09-02T08:51:44","date_gmt":"2015-09-02T07:51:44","guid":{"rendered":"https:\/\/influenceassociates.com\/wordpress-cms\/?page_id=81"},"modified":"2023-10-13T15:25:31","modified_gmt":"2023-10-13T14:25:31","slug":"cookies","status":"publish","type":"page","link":"https:\/\/influenceassociates.com\/de\/cookies\/","title":{"rendered":"Cookies"},"content":{"rendered":"<h1>Cookies<\/h1>\n<p>Diese Website verwendet 'Cookies', um Ihr Seherlebnis zu verbessern und uns zu helfen, eine bessere Website f\u00fcr Sie zu entwickeln.<br \/>\nWir verwenden so wenige Daten wie m\u00f6glich und reduzieren, wenn m\u00f6glich, personenbezogene Daten, die diese enthalten k\u00f6nnen, z. B. durch Anonymisierung von IP-Adressen.<\/p>\n<p>Insbesondere die folgenden Funktionen verwenden Cookies. Einzelheiten zu den einzelnen verwendeten Cookies finden Sie in unserem Cookie-Plugin:<\/p>\n<p><strong>WordPress<\/strong><br \/>\nUnser CMS WordPress verwendet Cookies, um die Nutzung der Website weiter zu verbessern.<\/p>\n<p><strong>Cookie-Zustimmung<\/strong><br \/>\nWird verwendet, um Ihre Cookie-Einstellungen zu speichern<\/p>\n<p><strong>Yoast SEO<\/strong><br \/>\nUnser SEO-Plugin verwendet Cookies<\/p>\n<p><strong>Google Analytics<\/strong> (3. Partei)<br \/>\nWir verwenden diese Daten, um zu sehen, wie viele Besucher wir haben, wie sie uns gefunden haben und wie wir die Website anpassen k\u00f6nnen, um unseren Nutzern besser zu dienen.<\/p>\n<p><strong>AI WP<\/strong><br \/>\nWir verwenden dieses Plugin, um Analysedaten innerhalb von WordPress anzuzeigen, es verwendet Cookies.<\/p>\n<p><strong>Video-Einbettung <\/strong>(3. Partei)<br \/>\nManchmal verwenden wir auch Videoeinbettungen, wie <a href=\"https:\/\/www.youtube.com\/?gl=GB&amp;hl=en-GB\">YouTube<\/a> oder <a href=\"https:\/\/vimeo.com\/\">Vimeo<\/a> (3. Partei), um Ihre Erfahrung mit den Inhalten auf unserer Website zu verbessern. Diese Drittparteien verwenden manchmal Cookies. Bitte informieren Sie sich auf den jeweiligen Websites \u00fcber die Einzelheiten.<\/p>","protected":false},"excerpt":{"rendered":"<p>Cookies Diese Website verwendet \"Cookies\", um Ihr Seherlebnis zu verbessern und uns zu helfen, eine bessere Website f\u00fcr Sie zu entwickeln. Wir verwenden so wenige wie m\u00f6glich und wo m\u00f6glich reduzieren und pers\u00f6nlich identifizierbare Daten k\u00f6nnen diese enthalten z.B.....<\/p>","protected":false},"author":1,"featured_media":0,"parent":0,"menu_order":500,"comment_status":"closed","ping_status":"closed","template":"templates\/template-plain-text.php","meta":{"_acf_changed":false,"footnotes":""},"class_list":["post-81","page","type-page","status-publish","hentry"],"acf":[],"yoast_head":"<!-- This site is optimized with the Yoast SEO plugin v27.4 - https:\/\/yoast.com\/product\/yoast-seo-wordpress\/ -->\n<title>Cookies - Influence Associates - Automotive PR Agency - Our Policy<\/title>\n<meta name=\"description\" content=\"Cookies - this website uses \u2018Cookies\u2019 to improve\u00a0your viewing experience and help us develop a better website for you - Influence Associates.\" \/>\n<meta name=\"robots\" content=\"index, follow, max-snippet:-1, max-image-preview:large, max-video-preview:-1\" \/>\n<link rel=\"canonical\" href=\"https:\/\/influenceassociates.com\/de\/cookies\/\" \/>\n<meta property=\"og:locale\" content=\"de_DE\" \/>\n<meta property=\"og:type\" content=\"article\" \/>\n<meta property=\"og:title\" content=\"Cookies - Influence Associates - Automotive PR Agency - Our Policy\" \/>\n<meta property=\"og:description\" content=\"Cookies - this website uses \u2018Cookies\u2019 to improve\u00a0your viewing experience and help us develop a better website for you - Influence Associates.\" \/>\n<meta property=\"og:url\" content=\"https:\/\/influenceassociates.com\/de\/cookies\/\" \/>\n<meta property=\"og:site_name\" content=\"Influence Associates\" \/>\n<meta property=\"article:modified_time\" content=\"2023-10-13T14:25:31+00:00\" \/>\n<meta name=\"twitter:card\" content=\"summary_large_image\" \/>\n<meta name=\"twitter:site\" content=\"@InfluenceComms\" \/>\n<meta name=\"twitter:label1\" content=\"Gesch\u00e4tzte Lesezeit\" \/>\n\t<meta name=\"twitter:data1\" content=\"1\u00a0Minute\" \/>\n<script type=\"application\/ld+json\" class=\"yoast-schema-graph\">{\"@context\":\"https:\\\/\\\/schema.org\",\"@graph\":[{\"@type\":\"WebPage\",\"@id\":\"https:\\\/\\\/influenceassociates.com\\\/cookies\\\/\",\"url\":\"https:\\\/\\\/influenceassociates.com\\\/cookies\\\/\",\"name\":\"Cookies - Influence Associates - Automotive PR Agency - Our Policy\",\"isPartOf\":{\"@id\":\"https:\\\/\\\/influenceassociates.com\\\/#website\"},\"datePublished\":\"2015-09-02T07:51:44+00:00\",\"dateModified\":\"2023-10-13T14:25:31+00:00\",\"description\":\"Cookies - this website uses \u2018Cookies\u2019 to improve\u00a0your viewing experience and help us develop a better website for you - Influence Associates.\",\"breadcrumb\":{\"@id\":\"https:\\\/\\\/influenceassociates.com\\\/cookies\\\/#breadcrumb\"},\"inLanguage\":\"de\",\"potentialAction\":[{\"@type\":\"ReadAction\",\"target\":[\"https:\\\/\\\/influenceassociates.com\\\/cookies\\\/\"]}]},{\"@type\":\"BreadcrumbList\",\"@id\":\"https:\\\/\\\/influenceassociates.com\\\/cookies\\\/#breadcrumb\",\"itemListElement\":[{\"@type\":\"ListItem\",\"position\":1,\"name\":\"Home\",\"item\":\"https:\\\/\\\/influenceassociates.com\\\/\"},{\"@type\":\"ListItem\",\"position\":2,\"name\":\"Cookies\"}]},{\"@type\":\"WebSite\",\"@id\":\"https:\\\/\\\/influenceassociates.com\\\/#website\",\"url\":\"https:\\\/\\\/influenceassociates.com\\\/\",\"name\":\"Influence Associates\",\"description\":\"Communications &amp; PR, Brand Strategy and Reputation Management\",\"potentialAction\":[{\"@type\":\"SearchAction\",\"target\":{\"@type\":\"EntryPoint\",\"urlTemplate\":\"https:\\\/\\\/influenceassociates.com\\\/?s={search_term_string}\"},\"query-input\":{\"@type\":\"PropertyValueSpecification\",\"valueRequired\":true,\"valueName\":\"search_term_string\"}}],\"inLanguage\":\"de\"}]}<\/script>\n<!-- \/ Yoast SEO plugin. -->","yoast_head_json":{"title":"Cookies - Influence Associates - Agentur f\u00fcr Automobil-PR - Unsere Politik","description":"Cookies - diese Website verwendet \"Cookies\", um Ihr Seherlebnis zu verbessern und uns zu helfen, eine bessere Website f\u00fcr Sie zu entwickeln - Influence Associates.","robots":{"index":"index","follow":"follow","max-snippet":"max-snippet:-1","max-image-preview":"max-image-preview:large","max-video-preview":"max-video-preview:-1"},"canonical":"https:\/\/influenceassociates.com\/de\/cookies\/","og_locale":"de_DE","og_type":"article","og_title":"Cookies - Influence Associates - Automotive PR Agency - Our Policy","og_description":"Cookies - this website uses \u2018Cookies\u2019 to improve\u00a0your viewing experience and help us develop a better website for you - Influence Associates.","og_url":"https:\/\/influenceassociates.com\/de\/cookies\/","og_site_name":"Influence Associates","article_modified_time":"2023-10-13T14:25:31+00:00","twitter_card":"summary_large_image","twitter_site":"@InfluenceComms","twitter_misc":{"Gesch\u00e4tzte Lesezeit":"1\u00a0Minute"},"schema":{"@context":"https:\/\/schema.org","@graph":[{"@type":"WebPage","@id":"https:\/\/influenceassociates.com\/cookies\/","url":"https:\/\/influenceassociates.com\/cookies\/","name":"Cookies - Influence Associates - Agentur f\u00fcr Automobil-PR - Unsere Politik","isPartOf":{"@id":"https:\/\/influenceassociates.com\/#website"},"datePublished":"2015-09-02T07:51:44+00:00","dateModified":"2023-10-13T14:25:31+00:00","description":"Cookies - diese Website verwendet \"Cookies\", um Ihr Seherlebnis zu verbessern und uns zu helfen, eine bessere Website f\u00fcr Sie zu entwickeln - Influence Associates.","breadcrumb":{"@id":"https:\/\/influenceassociates.com\/cookies\/#breadcrumb"},"inLanguage":"de","potentialAction":[{"@type":"ReadAction","target":["https:\/\/influenceassociates.com\/cookies\/"]}]},{"@type":"BreadcrumbList","@id":"https:\/\/influenceassociates.com\/cookies\/#breadcrumb","itemListElement":[{"@type":"ListItem","position":1,"name":"Home","item":"https:\/\/influenceassociates.com\/"},{"@type":"ListItem","position":2,"name":"Cookies"}]},{"@type":"WebSite","@id":"https:\/\/influenceassociates.com\/#website","url":"https:\/\/influenceassociates.com\/","name":"Einfluss Assoziierte","description":"Kommunikation &amp; PR, Markenstrategie und Reputationsmanagement","potentialAction":[{"@type":"SearchAction","target":{"@type":"EntryPoint","urlTemplate":"https:\/\/influenceassociates.com\/?s={search_term_string}"},"query-input":{"@type":"PropertyValueSpecification","valueRequired":true,"valueName":"search_term_string"}}],"inLanguage":"de"}]}},"_links":{"self":[{"href":"https:\/\/influenceassociates.com\/de\/wp-json\/wp\/v2\/pages\/81","targetHints":{"allow":["GET"]}}],"collection":[{"href":"https:\/\/influenceassociates.com\/de\/wp-json\/wp\/v2\/pages"}],"about":[{"href":"https:\/\/influenceassociates.com\/de\/wp-json\/wp\/v2\/types\/page"}],"author":[{"embeddable":true,"href":"https:\/\/influenceassociates.com\/de\/wp-json\/wp\/v2\/users\/1"}],"replies":[{"embeddable":true,"href":"https:\/\/influenceassociates.com\/de\/wp-json\/wp\/v2\/comments?post=81"}],"version-history":[{"count":7,"href":"https:\/\/influenceassociates.com\/de\/wp-json\/wp\/v2\/pages\/81\/revisions"}],"predecessor-version":[{"id":7841,"href":"https:\/\/influenceassociates.com\/de\/wp-json\/wp\/v2\/pages\/81\/revisions\/7841"}],"wp:attachment":[{"href":"https:\/\/influenceassociates.com\/de\/wp-json\/wp\/v2\/media?parent=81"}],"curies":[{"name":"wp","href":"https:\/\/api.w.org\/{rel}","templated":true}]}}