{"id":19,"date":"2015-09-01T13:15:43","date_gmt":"2015-09-01T12:15:43","guid":{"rendered":"https:\/\/influenceassociates.com\/wordpress-cms\/?page_id=19"},"modified":"2025-05-30T10:53:34","modified_gmt":"2025-05-30T09:53:34","slug":"inicio","status":"publish","type":"page","link":"https:\/\/influenceassociates.com\/es\/","title":{"rendered":"Inicio"},"content":{"rendered":"","protected":false},"excerpt":{"rendered":"","protected":false},"author":1,"featured_media":0,"parent":0,"menu_order":0,"comment_status":"closed","ping_status":"closed","template":"","meta":{"_acf_changed":false,"footnotes":""},"class_list":["post-19","page","type-page","status-publish","hentry"],"acf":[],"yoast_head":"<!-- This site is optimized with the Yoast SEO plugin v27.5 - https:\/\/yoast.com\/product\/yoast-seo-wordpress\/ -->\n<title>Global Automotive PR Agency - Influence Associates<\/title>\n<meta name=\"description\" content=\"Influence Associates is a world leading automotive PR agency specialising in Premium Automotive PR, Automotive Start-Up PR, Automotive Tier 1 Supplier PR, Vehicle Technology PR, Classic Car PR, Automotive Lifestyle PR and Motorsport PR.\" \/>\n<meta name=\"robots\" content=\"index, follow, max-snippet:-1, max-image-preview:large, max-video-preview:-1\" \/>\n<link rel=\"canonical\" href=\"https:\/\/influenceassociates.com\/es\/\" \/>\n<meta property=\"og:locale\" content=\"es_ES\" \/>\n<meta property=\"og:type\" content=\"article\" \/>\n<meta property=\"og:title\" content=\"Global Automotive PR Agency - Influence Associates\" \/>\n<meta property=\"og:description\" content=\"Influence Associates is a world leading automotive PR agency specialising in Premium Automotive PR, Automotive Start-Up PR, Automotive Tier 1 Supplier PR, Vehicle Technology PR, Classic Car PR, Automotive Lifestyle PR and Motorsport PR.\" \/>\n<meta property=\"og:url\" content=\"https:\/\/influenceassociates.com\/es\/\" \/>\n<meta property=\"og:site_name\" content=\"Influence Associates\" \/>\n<meta property=\"article:modified_time\" content=\"2025-05-30T09:53:34+00:00\" \/>\n<meta name=\"twitter:card\" content=\"summary_large_image\" \/>\n<meta name=\"twitter:site\" content=\"@InfluenceComms\" \/>\n<script type=\"application\/ld+json\" class=\"yoast-schema-graph\">{\"@context\":\"https:\\\/\\\/schema.org\",\"@graph\":[{\"@type\":\"WebPage\",\"@id\":\"https:\\\/\\\/influenceassociates.com\\\/\",\"url\":\"https:\\\/\\\/influenceassociates.com\\\/\",\"name\":\"Global Automotive PR Agency - Influence Associates\",\"isPartOf\":{\"@id\":\"https:\\\/\\\/influenceassociates.com\\\/#website\"},\"datePublished\":\"2015-09-01T12:15:43+00:00\",\"dateModified\":\"2025-05-30T09:53:34+00:00\",\"description\":\"Influence Associates is a world leading automotive PR agency specialising in Premium Automotive PR, Automotive Start-Up PR, Automotive Tier 1 Supplier PR, Vehicle Technology PR, Classic Car PR, Automotive Lifestyle PR and Motorsport PR.\",\"breadcrumb\":{\"@id\":\"https:\\\/\\\/influenceassociates.com\\\/#breadcrumb\"},\"inLanguage\":\"es\",\"potentialAction\":[{\"@type\":\"ReadAction\",\"target\":[\"https:\\\/\\\/influenceassociates.com\\\/\"]}]},{\"@type\":\"BreadcrumbList\",\"@id\":\"https:\\\/\\\/influenceassociates.com\\\/#breadcrumb\",\"itemListElement\":[{\"@type\":\"ListItem\",\"position\":1,\"name\":\"Home\",\"item\":\"https:\\\/\\\/influenceassociates.com\\\/\"},{\"@type\":\"ListItem\",\"position\":2,\"name\":\"Home\"}]},{\"@type\":\"WebSite\",\"@id\":\"https:\\\/\\\/influenceassociates.com\\\/#website\",\"url\":\"https:\\\/\\\/influenceassociates.com\\\/\",\"name\":\"Influence Associates\",\"description\":\"Communications &amp; PR, Brand Strategy and Reputation Management\",\"potentialAction\":[{\"@type\":\"SearchAction\",\"target\":{\"@type\":\"EntryPoint\",\"urlTemplate\":\"https:\\\/\\\/influenceassociates.com\\\/?s={search_term_string}\"},\"query-input\":{\"@type\":\"PropertyValueSpecification\",\"valueRequired\":true,\"valueName\":\"search_term_string\"}}],\"inLanguage\":\"es\"}]}<\/script>\n<!-- \/ Yoast SEO plugin. -->","yoast_head_json":{"title":"Agencia global de relaciones p\u00fablicas del sector del autom\u00f3vil - Influence Associates","description":"Influence Associates es una agencia l\u00edder mundial de relaciones p\u00fablicas en el sector de la automoci\u00f3n, especializada en relaciones p\u00fablicas en el sector de la automoci\u00f3n de gama alta, start-ups de automoci\u00f3n, proveedores de automoci\u00f3n de primer nivel, tecnolog\u00eda de veh\u00edculos, coches cl\u00e1sicos, estilo de vida y deportes de motor.","robots":{"index":"index","follow":"follow","max-snippet":"max-snippet:-1","max-image-preview":"max-image-preview:large","max-video-preview":"max-video-preview:-1"},"canonical":"https:\/\/influenceassociates.com\/es\/","og_locale":"es_ES","og_type":"article","og_title":"Global Automotive PR Agency - Influence Associates","og_description":"Influence Associates is a world leading automotive PR agency specialising in Premium Automotive PR, Automotive Start-Up PR, Automotive Tier 1 Supplier PR, Vehicle Technology PR, Classic Car PR, Automotive Lifestyle PR and Motorsport PR.","og_url":"https:\/\/influenceassociates.com\/es\/","og_site_name":"Influence Associates","article_modified_time":"2025-05-30T09:53:34+00:00","twitter_card":"summary_large_image","twitter_site":"@InfluenceComms","schema":{"@context":"https:\/\/schema.org","@graph":[{"@type":"WebPage","@id":"https:\/\/influenceassociates.com\/","url":"https:\/\/influenceassociates.com\/","name":"Agencia global de relaciones p\u00fablicas del sector del autom\u00f3vil - Influence Associates","isPartOf":{"@id":"https:\/\/influenceassociates.com\/#website"},"datePublished":"2015-09-01T12:15:43+00:00","dateModified":"2025-05-30T09:53:34+00:00","description":"Influence Associates es una agencia l\u00edder mundial de relaciones p\u00fablicas en el sector de la automoci\u00f3n, especializada en relaciones p\u00fablicas en el sector de la automoci\u00f3n de gama alta, start-ups de automoci\u00f3n, proveedores de automoci\u00f3n de primer nivel, tecnolog\u00eda de veh\u00edculos, coches cl\u00e1sicos, estilo de vida y deportes de motor.","breadcrumb":{"@id":"https:\/\/influenceassociates.com\/#breadcrumb"},"inLanguage":"es","potentialAction":[{"@type":"ReadAction","target":["https:\/\/influenceassociates.com\/"]}]},{"@type":"BreadcrumbList","@id":"https:\/\/influenceassociates.com\/#breadcrumb","itemListElement":[{"@type":"ListItem","position":1,"name":"Home","item":"https:\/\/influenceassociates.com\/"},{"@type":"ListItem","position":2,"name":"Home"}]},{"@type":"WebSite","@id":"https:\/\/influenceassociates.com\/#website","url":"https:\/\/influenceassociates.com\/","name":"Asociados de influencia","description":"Comunicaci\u00f3n y relaciones p\u00fablicas, estrategia de marca y gesti\u00f3n de la reputaci\u00f3n","potentialAction":[{"@type":"SearchAction","target":{"@type":"EntryPoint","urlTemplate":"https:\/\/influenceassociates.com\/?s={search_term_string}"},"query-input":{"@type":"PropertyValueSpecification","valueRequired":true,"valueName":"search_term_string"}}],"inLanguage":"es"}]}},"_links":{"self":[{"href":"https:\/\/influenceassociates.com\/es\/wp-json\/wp\/v2\/pages\/19","targetHints":{"allow":["GET"]}}],"collection":[{"href":"https:\/\/influenceassociates.com\/es\/wp-json\/wp\/v2\/pages"}],"about":[{"href":"https:\/\/influenceassociates.com\/es\/wp-json\/wp\/v2\/types\/page"}],"author":[{"embeddable":true,"href":"https:\/\/influenceassociates.com\/es\/wp-json\/wp\/v2\/users\/1"}],"replies":[{"embeddable":true,"href":"https:\/\/influenceassociates.com\/es\/wp-json\/wp\/v2\/comments?post=19"}],"version-history":[{"count":30,"href":"https:\/\/influenceassociates.com\/es\/wp-json\/wp\/v2\/pages\/19\/revisions"}],"predecessor-version":[{"id":7858,"href":"https:\/\/influenceassociates.com\/es\/wp-json\/wp\/v2\/pages\/19\/revisions\/7858"}],"wp:attachment":[{"href":"https:\/\/influenceassociates.com\/es\/wp-json\/wp\/v2\/media?parent=19"}],"curies":[{"name":"wp","href":"https:\/\/api.w.org\/{rel}","templated":true}]}}