{"id":5593,"date":"2018-07-25T17:06:30","date_gmt":"2018-07-25T16:06:30","guid":{"rendered":"https:\/\/influenceassociates.com\/?page_id=5593"},"modified":"2023-08-06T14:45:47","modified_gmt":"2023-08-06T13:45:47","slug":"sectores","status":"publish","type":"page","link":"https:\/\/influenceassociates.com\/es\/sectores\/","title":{"rendered":"Sectores"},"content":{"rendered":"","protected":false},"excerpt":{"rendered":"","protected":false},"author":1,"featured_media":0,"parent":0,"menu_order":20,"comment_status":"closed","ping_status":"closed","template":"","meta":{"_acf_changed":false,"footnotes":""},"class_list":["post-5593","page","type-page","status-publish","hentry"],"acf":[],"yoast_head":"<!-- This site is optimized with the Yoast SEO plugin v27.4 - https:\/\/yoast.com\/product\/yoast-seo-wordpress\/ -->\n<title>Sectors - Influence Associates - Automotive PR &amp; Classic Car PR Agency<\/title>\n<meta name=\"description\" content=\"Sectors - Influence Associates are world leaders in Automotive PR, Motorsport PR, Classic Car PR, Tech PR, OEM PR and Car PR - Automotive PR Agency.\" \/>\n<meta name=\"robots\" content=\"index, follow, max-snippet:-1, max-image-preview:large, max-video-preview:-1\" \/>\n<link rel=\"canonical\" href=\"https:\/\/influenceassociates.com\/es\/sectores\/\" \/>\n<meta property=\"og:locale\" content=\"es_ES\" \/>\n<meta property=\"og:type\" content=\"article\" \/>\n<meta property=\"og:title\" content=\"Sectors - Influence Associates - Automotive PR &amp; Classic Car PR Agency\" \/>\n<meta property=\"og:description\" content=\"Sectors - Influence Associates are world leaders in Automotive PR, Motorsport PR, Classic Car PR, Tech PR, OEM PR and Car PR - Automotive PR Agency.\" \/>\n<meta property=\"og:url\" content=\"https:\/\/influenceassociates.com\/es\/sectores\/\" \/>\n<meta property=\"og:site_name\" content=\"Influence Associates\" \/>\n<meta property=\"article:modified_time\" content=\"2023-08-06T13:45:47+00:00\" \/>\n<meta name=\"twitter:card\" content=\"summary_large_image\" \/>\n<meta name=\"twitter:site\" content=\"@InfluenceComms\" \/>\n<script type=\"application\/ld+json\" class=\"yoast-schema-graph\">{\"@context\":\"https:\\\/\\\/schema.org\",\"@graph\":[{\"@type\":\"WebPage\",\"@id\":\"https:\\\/\\\/influenceassociates.com\\\/sectors\\\/\",\"url\":\"https:\\\/\\\/influenceassociates.com\\\/sectors\\\/\",\"name\":\"Sectors - Influence Associates - Automotive PR & Classic Car PR Agency\",\"isPartOf\":{\"@id\":\"https:\\\/\\\/influenceassociates.com\\\/#website\"},\"datePublished\":\"2018-07-25T16:06:30+00:00\",\"dateModified\":\"2023-08-06T13:45:47+00:00\",\"description\":\"Sectors - Influence Associates are world leaders in Automotive PR, Motorsport PR, Classic Car PR, Tech PR, OEM PR and Car PR - Automotive PR Agency.\",\"breadcrumb\":{\"@id\":\"https:\\\/\\\/influenceassociates.com\\\/sectors\\\/#breadcrumb\"},\"inLanguage\":\"es\",\"potentialAction\":[{\"@type\":\"ReadAction\",\"target\":[\"https:\\\/\\\/influenceassociates.com\\\/sectors\\\/\"]}]},{\"@type\":\"BreadcrumbList\",\"@id\":\"https:\\\/\\\/influenceassociates.com\\\/sectors\\\/#breadcrumb\",\"itemListElement\":[{\"@type\":\"ListItem\",\"position\":1,\"name\":\"Home\",\"item\":\"https:\\\/\\\/influenceassociates.com\\\/\"},{\"@type\":\"ListItem\",\"position\":2,\"name\":\"Sectors\"}]},{\"@type\":\"WebSite\",\"@id\":\"https:\\\/\\\/influenceassociates.com\\\/#website\",\"url\":\"https:\\\/\\\/influenceassociates.com\\\/\",\"name\":\"Influence Associates\",\"description\":\"Communications &amp; PR, Brand Strategy and Reputation Management\",\"potentialAction\":[{\"@type\":\"SearchAction\",\"target\":{\"@type\":\"EntryPoint\",\"urlTemplate\":\"https:\\\/\\\/influenceassociates.com\\\/?s={search_term_string}\"},\"query-input\":{\"@type\":\"PropertyValueSpecification\",\"valueRequired\":true,\"valueName\":\"search_term_string\"}}],\"inLanguage\":\"es\"}]}<\/script>\n<!-- \/ Yoast SEO plugin. -->","yoast_head_json":{"title":"Sectores - Influence Associates - Agencia de relaciones p\u00fablicas de automoci\u00f3n y coches cl\u00e1sicos","description":"Sectores - Influence Associates es l\u00edder mundial en RRPP de automoci\u00f3n, RRPP de deportes de motor, RRPP de coches cl\u00e1sicos, RRPP de tecnolog\u00eda, RRPP de OEM y RRPP de coches - Agencia de RRPP de automoci\u00f3n.","robots":{"index":"index","follow":"follow","max-snippet":"max-snippet:-1","max-image-preview":"max-image-preview:large","max-video-preview":"max-video-preview:-1"},"canonical":"https:\/\/influenceassociates.com\/es\/sectores\/","og_locale":"es_ES","og_type":"article","og_title":"Sectors - Influence Associates - Automotive PR & Classic Car PR Agency","og_description":"Sectors - Influence Associates are world leaders in Automotive PR, Motorsport PR, Classic Car PR, Tech PR, OEM PR and Car PR - Automotive PR Agency.","og_url":"https:\/\/influenceassociates.com\/es\/sectores\/","og_site_name":"Influence Associates","article_modified_time":"2023-08-06T13:45:47+00:00","twitter_card":"summary_large_image","twitter_site":"@InfluenceComms","schema":{"@context":"https:\/\/schema.org","@graph":[{"@type":"WebPage","@id":"https:\/\/influenceassociates.com\/sectors\/","url":"https:\/\/influenceassociates.com\/sectors\/","name":"Sectores - Influence Associates - Agencia de relaciones p\u00fablicas de automoci\u00f3n y coches cl\u00e1sicos","isPartOf":{"@id":"https:\/\/influenceassociates.com\/#website"},"datePublished":"2018-07-25T16:06:30+00:00","dateModified":"2023-08-06T13:45:47+00:00","description":"Sectores - Influence Associates es l\u00edder mundial en RRPP de automoci\u00f3n, RRPP de deportes de motor, RRPP de coches cl\u00e1sicos, RRPP de tecnolog\u00eda, RRPP de OEM y RRPP de coches - Agencia de RRPP de automoci\u00f3n.","breadcrumb":{"@id":"https:\/\/influenceassociates.com\/sectors\/#breadcrumb"},"inLanguage":"es","potentialAction":[{"@type":"ReadAction","target":["https:\/\/influenceassociates.com\/sectors\/"]}]},{"@type":"BreadcrumbList","@id":"https:\/\/influenceassociates.com\/sectors\/#breadcrumb","itemListElement":[{"@type":"ListItem","position":1,"name":"Home","item":"https:\/\/influenceassociates.com\/"},{"@type":"ListItem","position":2,"name":"Sectors"}]},{"@type":"WebSite","@id":"https:\/\/influenceassociates.com\/#website","url":"https:\/\/influenceassociates.com\/","name":"Asociados de influencia","description":"Comunicaci\u00f3n y relaciones p\u00fablicas, estrategia de marca y gesti\u00f3n de la reputaci\u00f3n","potentialAction":[{"@type":"SearchAction","target":{"@type":"EntryPoint","urlTemplate":"https:\/\/influenceassociates.com\/?s={search_term_string}"},"query-input":{"@type":"PropertyValueSpecification","valueRequired":true,"valueName":"search_term_string"}}],"inLanguage":"es"}]}},"_links":{"self":[{"href":"https:\/\/influenceassociates.com\/es\/wp-json\/wp\/v2\/pages\/5593","targetHints":{"allow":["GET"]}}],"collection":[{"href":"https:\/\/influenceassociates.com\/es\/wp-json\/wp\/v2\/pages"}],"about":[{"href":"https:\/\/influenceassociates.com\/es\/wp-json\/wp\/v2\/types\/page"}],"author":[{"embeddable":true,"href":"https:\/\/influenceassociates.com\/es\/wp-json\/wp\/v2\/users\/1"}],"replies":[{"embeddable":true,"href":"https:\/\/influenceassociates.com\/es\/wp-json\/wp\/v2\/comments?post=5593"}],"version-history":[{"count":2,"href":"https:\/\/influenceassociates.com\/es\/wp-json\/wp\/v2\/pages\/5593\/revisions"}],"predecessor-version":[{"id":7711,"href":"https:\/\/influenceassociates.com\/es\/wp-json\/wp\/v2\/pages\/5593\/revisions\/7711"}],"wp:attachment":[{"href":"https:\/\/influenceassociates.com\/es\/wp-json\/wp\/v2\/media?parent=5593"}],"curies":[{"name":"wp","href":"https:\/\/api.w.org\/{rel}","templated":true}]}}