{"id":81,"date":"2015-09-02T08:51:44","date_gmt":"2015-09-02T07:51:44","guid":{"rendered":"https:\/\/influenceassociates.com\/wordpress-cms\/?page_id=81"},"modified":"2023-10-13T15:25:31","modified_gmt":"2023-10-13T14:25:31","slug":"galletas","status":"publish","type":"page","link":"https:\/\/influenceassociates.com\/es\/galletas\/","title":{"rendered":"Cookies"},"content":{"rendered":"<h1>Cookies<\/h1>\n<p>Este sitio web utiliza 'Cookies' para mejorar su experiencia de visualizaci\u00f3n y ayudarnos a desarrollar un sitio web mejor para usted.<br \/>\nUtilizamos el menor n\u00famero posible y, cuando es factible, reducimos los datos de identificaci\u00f3n personal que puedan contener, por ejemplo, anonimizando las direcciones IP.<\/p>\n<p>En concreto, las siguientes funciones utilizan cookies, consulte nuestro plugin de cookies para obtener informaci\u00f3n detallada sobre las cookies individuales utilizadas:<\/p>\n<p><strong>WordPress<\/strong><br \/>\nNuestro CMS WordPress utiliza Cookies para mejorar a\u00fan m\u00e1s la experiencia del sitio web.<\/p>\n<p><strong>Consentimiento de cookies<\/strong><br \/>\nSe utiliza para almacenar sus preferencias de cookies<\/p>\n<p><strong>Yoast SEO<\/strong><br \/>\nNuestro plugin SEO utiliza cookies<\/p>\n<p><strong>Google Analytics<\/strong> (3\u00aa parte)<br \/>\nLo utilizamos para saber cu\u00e1ntos visitantes recibimos, c\u00f3mo nos han encontrado y c\u00f3mo podemos adaptar el sitio web para servir mejor a nuestros usuarios.<\/p>\n<p><strong>AI WP<\/strong><br \/>\nUtilizamos este plugin para ver los datos anal\u00edticos dentro de WordPress, utiliza cookies.<\/p>\n<p><strong>Incrustaci\u00f3n de v\u00eddeo <\/strong>(3\u00aa parte)<br \/>\nA veces tambi\u00e9n utilizamos la incrustaci\u00f3n de v\u00eddeo, como <a href=\"https:\/\/www.youtube.com\/?gl=GB&amp;hl=en-GB\">YouTube<\/a> o <a href=\"https:\/\/vimeo.com\/\">Vimeo<\/a> (terceros) para mejorar su experiencia con los contenidos de nuestro sitio. Estos terceros a veces utilizan cookies. Consulte sus respectivos sitios web para obtener m\u00e1s informaci\u00f3n.<\/p>","protected":false},"excerpt":{"rendered":"<p>Cookies Este sitio web utiliza 'Cookies' para mejorar su experiencia de visualizaci\u00f3n y ayudarnos a desarrollar un mejor sitio web para usted. Utilizamos el menor n\u00famero posible de ellas y, cuando es posible, reducimos los datos de identificaci\u00f3n personal que puedan contener, por ejemplo, .....<\/p>","protected":false},"author":1,"featured_media":0,"parent":0,"menu_order":500,"comment_status":"closed","ping_status":"closed","template":"templates\/template-plain-text.php","meta":{"_acf_changed":false,"footnotes":""},"class_list":["post-81","page","type-page","status-publish","hentry"],"acf":[],"yoast_head":"<!-- This site is optimized with the Yoast SEO plugin v27.4 - https:\/\/yoast.com\/product\/yoast-seo-wordpress\/ -->\n<title>Cookies - Influence Associates - Automotive PR Agency - Our Policy<\/title>\n<meta name=\"description\" content=\"Cookies - this website uses \u2018Cookies\u2019 to improve\u00a0your viewing experience and help us develop a better website for you - Influence Associates.\" \/>\n<meta name=\"robots\" content=\"index, follow, max-snippet:-1, max-image-preview:large, max-video-preview:-1\" \/>\n<link rel=\"canonical\" href=\"https:\/\/influenceassociates.com\/es\/galletas\/\" \/>\n<meta property=\"og:locale\" content=\"es_ES\" \/>\n<meta property=\"og:type\" content=\"article\" \/>\n<meta property=\"og:title\" content=\"Cookies - Influence Associates - Automotive PR Agency - Our Policy\" \/>\n<meta property=\"og:description\" content=\"Cookies - this website uses \u2018Cookies\u2019 to improve\u00a0your viewing experience and help us develop a better website for you - Influence Associates.\" \/>\n<meta property=\"og:url\" content=\"https:\/\/influenceassociates.com\/es\/galletas\/\" \/>\n<meta property=\"og:site_name\" content=\"Influence Associates\" \/>\n<meta property=\"article:modified_time\" content=\"2023-10-13T14:25:31+00:00\" \/>\n<meta name=\"twitter:card\" content=\"summary_large_image\" \/>\n<meta name=\"twitter:site\" content=\"@InfluenceComms\" \/>\n<meta name=\"twitter:label1\" content=\"Tiempo de lectura\" \/>\n\t<meta name=\"twitter:data1\" content=\"1 minuto\" \/>\n<script type=\"application\/ld+json\" class=\"yoast-schema-graph\">{\"@context\":\"https:\\\/\\\/schema.org\",\"@graph\":[{\"@type\":\"WebPage\",\"@id\":\"https:\\\/\\\/influenceassociates.com\\\/cookies\\\/\",\"url\":\"https:\\\/\\\/influenceassociates.com\\\/cookies\\\/\",\"name\":\"Cookies - Influence Associates - Automotive PR Agency - Our Policy\",\"isPartOf\":{\"@id\":\"https:\\\/\\\/influenceassociates.com\\\/#website\"},\"datePublished\":\"2015-09-02T07:51:44+00:00\",\"dateModified\":\"2023-10-13T14:25:31+00:00\",\"description\":\"Cookies - this website uses \u2018Cookies\u2019 to improve\u00a0your viewing experience and help us develop a better website for you - Influence Associates.\",\"breadcrumb\":{\"@id\":\"https:\\\/\\\/influenceassociates.com\\\/cookies\\\/#breadcrumb\"},\"inLanguage\":\"es\",\"potentialAction\":[{\"@type\":\"ReadAction\",\"target\":[\"https:\\\/\\\/influenceassociates.com\\\/cookies\\\/\"]}]},{\"@type\":\"BreadcrumbList\",\"@id\":\"https:\\\/\\\/influenceassociates.com\\\/cookies\\\/#breadcrumb\",\"itemListElement\":[{\"@type\":\"ListItem\",\"position\":1,\"name\":\"Home\",\"item\":\"https:\\\/\\\/influenceassociates.com\\\/\"},{\"@type\":\"ListItem\",\"position\":2,\"name\":\"Cookies\"}]},{\"@type\":\"WebSite\",\"@id\":\"https:\\\/\\\/influenceassociates.com\\\/#website\",\"url\":\"https:\\\/\\\/influenceassociates.com\\\/\",\"name\":\"Influence Associates\",\"description\":\"Communications &amp; PR, Brand Strategy and Reputation Management\",\"potentialAction\":[{\"@type\":\"SearchAction\",\"target\":{\"@type\":\"EntryPoint\",\"urlTemplate\":\"https:\\\/\\\/influenceassociates.com\\\/?s={search_term_string}\"},\"query-input\":{\"@type\":\"PropertyValueSpecification\",\"valueRequired\":true,\"valueName\":\"search_term_string\"}}],\"inLanguage\":\"es\"}]}<\/script>\n<!-- \/ Yoast SEO plugin. -->","yoast_head_json":{"title":"Cookies - Influence Associates - Agencia de RRPP de Automoci\u00f3n - Nuestra Pol\u00edtica","description":"Cookies - este sitio web utiliza 'Cookies' para mejorar su experiencia de visualizaci\u00f3n y ayudarnos a desarrollar un mejor sitio web para usted - Influence Associates.","robots":{"index":"index","follow":"follow","max-snippet":"max-snippet:-1","max-image-preview":"max-image-preview:large","max-video-preview":"max-video-preview:-1"},"canonical":"https:\/\/influenceassociates.com\/es\/galletas\/","og_locale":"es_ES","og_type":"article","og_title":"Cookies - Influence Associates - Automotive PR Agency - Our Policy","og_description":"Cookies - this website uses \u2018Cookies\u2019 to improve\u00a0your viewing experience and help us develop a better website for you - Influence Associates.","og_url":"https:\/\/influenceassociates.com\/es\/galletas\/","og_site_name":"Influence Associates","article_modified_time":"2023-10-13T14:25:31+00:00","twitter_card":"summary_large_image","twitter_site":"@InfluenceComms","twitter_misc":{"Tiempo de lectura":"1 minuto"},"schema":{"@context":"https:\/\/schema.org","@graph":[{"@type":"WebPage","@id":"https:\/\/influenceassociates.com\/cookies\/","url":"https:\/\/influenceassociates.com\/cookies\/","name":"Cookies - Influence Associates - Agencia de RRPP de Automoci\u00f3n - Nuestra Pol\u00edtica","isPartOf":{"@id":"https:\/\/influenceassociates.com\/#website"},"datePublished":"2015-09-02T07:51:44+00:00","dateModified":"2023-10-13T14:25:31+00:00","description":"Cookies - este sitio web utiliza 'Cookies' para mejorar su experiencia de visualizaci\u00f3n y ayudarnos a desarrollar un mejor sitio web para usted - Influence Associates.","breadcrumb":{"@id":"https:\/\/influenceassociates.com\/cookies\/#breadcrumb"},"inLanguage":"es","potentialAction":[{"@type":"ReadAction","target":["https:\/\/influenceassociates.com\/cookies\/"]}]},{"@type":"BreadcrumbList","@id":"https:\/\/influenceassociates.com\/cookies\/#breadcrumb","itemListElement":[{"@type":"ListItem","position":1,"name":"Home","item":"https:\/\/influenceassociates.com\/"},{"@type":"ListItem","position":2,"name":"Cookies"}]},{"@type":"WebSite","@id":"https:\/\/influenceassociates.com\/#website","url":"https:\/\/influenceassociates.com\/","name":"Asociados de influencia","description":"Comunicaci\u00f3n y relaciones p\u00fablicas, estrategia de marca y gesti\u00f3n de la reputaci\u00f3n","potentialAction":[{"@type":"SearchAction","target":{"@type":"EntryPoint","urlTemplate":"https:\/\/influenceassociates.com\/?s={search_term_string}"},"query-input":{"@type":"PropertyValueSpecification","valueRequired":true,"valueName":"search_term_string"}}],"inLanguage":"es"}]}},"_links":{"self":[{"href":"https:\/\/influenceassociates.com\/es\/wp-json\/wp\/v2\/pages\/81","targetHints":{"allow":["GET"]}}],"collection":[{"href":"https:\/\/influenceassociates.com\/es\/wp-json\/wp\/v2\/pages"}],"about":[{"href":"https:\/\/influenceassociates.com\/es\/wp-json\/wp\/v2\/types\/page"}],"author":[{"embeddable":true,"href":"https:\/\/influenceassociates.com\/es\/wp-json\/wp\/v2\/users\/1"}],"replies":[{"embeddable":true,"href":"https:\/\/influenceassociates.com\/es\/wp-json\/wp\/v2\/comments?post=81"}],"version-history":[{"count":7,"href":"https:\/\/influenceassociates.com\/es\/wp-json\/wp\/v2\/pages\/81\/revisions"}],"predecessor-version":[{"id":7841,"href":"https:\/\/influenceassociates.com\/es\/wp-json\/wp\/v2\/pages\/81\/revisions\/7841"}],"wp:attachment":[{"href":"https:\/\/influenceassociates.com\/es\/wp-json\/wp\/v2\/media?parent=81"}],"curies":[{"name":"wp","href":"https:\/\/api.w.org\/{rel}","templated":true}]}}