{"id":25,"date":"2015-09-01T13:16:47","date_gmt":"2015-09-01T12:16:47","guid":{"rendered":"https:\/\/influenceassociates.com\/wordpress-cms\/?page_id=25"},"modified":"2023-08-06T14:23:14","modified_gmt":"2023-08-06T13:23:14","slug":"etudes-de-cas-influence-associates","status":"publish","type":"page","link":"https:\/\/influenceassociates.com\/fr\/etudes-de-cas-influence-associates\/","title":{"rendered":"\u00c9tudes de cas"},"content":{"rendered":"","protected":false},"excerpt":{"rendered":"","protected":false},"author":1,"featured_media":0,"parent":0,"menu_order":60,"comment_status":"closed","ping_status":"closed","template":"templates\/case-studies.php","meta":{"_acf_changed":false,"footnotes":""},"class_list":["post-25","page","type-page","status-publish","hentry"],"acf":[],"yoast_head":"<!-- This site is optimized with the Yoast SEO plugin v27.5 - https:\/\/yoast.com\/product\/yoast-seo-wordpress\/ -->\n<title>Case Studies - Influence Associates - view our work with a variety of clients<\/title>\n<meta name=\"description\" content=\"Influence Associates are world leaders in Automotive PR, Motorsport and Classic Car, brand strategy &amp; building, PR &amp; communications. View our case studies.\" \/>\n<meta name=\"robots\" content=\"index, follow, max-snippet:-1, max-image-preview:large, max-video-preview:-1\" \/>\n<link rel=\"canonical\" href=\"https:\/\/influenceassociates.com\/fr\/etudes-de-cas-influence-associates\/\" \/>\n<meta property=\"og:locale\" content=\"fr_FR\" \/>\n<meta property=\"og:type\" content=\"article\" \/>\n<meta property=\"og:title\" content=\"Case Studies - Influence Associates - view our work with a variety of clients\" \/>\n<meta property=\"og:description\" content=\"Influence Associates are world leaders in Automotive PR, Motorsport and Classic Car, brand strategy &amp; building, PR &amp; communications. View our case studies.\" \/>\n<meta property=\"og:url\" content=\"https:\/\/influenceassociates.com\/fr\/etudes-de-cas-influence-associates\/\" \/>\n<meta property=\"og:site_name\" content=\"Influence Associates\" \/>\n<meta property=\"article:modified_time\" content=\"2023-08-06T13:23:14+00:00\" \/>\n<meta name=\"twitter:card\" content=\"summary_large_image\" \/>\n<meta name=\"twitter:site\" content=\"@InfluenceComms\" \/>\n<script type=\"application\/ld+json\" class=\"yoast-schema-graph\">{\"@context\":\"https:\\\/\\\/schema.org\",\"@graph\":[{\"@type\":\"WebPage\",\"@id\":\"https:\\\/\\\/influenceassociates.com\\\/case-studies-influence-associates\\\/\",\"url\":\"https:\\\/\\\/influenceassociates.com\\\/case-studies-influence-associates\\\/\",\"name\":\"Case Studies - Influence Associates - view our work with a variety of clients\",\"isPartOf\":{\"@id\":\"https:\\\/\\\/influenceassociates.com\\\/#website\"},\"datePublished\":\"2015-09-01T12:16:47+00:00\",\"dateModified\":\"2023-08-06T13:23:14+00:00\",\"description\":\"Influence Associates are world leaders in Automotive PR, Motorsport and Classic Car, brand strategy & building, PR & communications. View our case studies.\",\"breadcrumb\":{\"@id\":\"https:\\\/\\\/influenceassociates.com\\\/case-studies-influence-associates\\\/#breadcrumb\"},\"inLanguage\":\"fr-FR\",\"potentialAction\":[{\"@type\":\"ReadAction\",\"target\":[\"https:\\\/\\\/influenceassociates.com\\\/case-studies-influence-associates\\\/\"]}]},{\"@type\":\"BreadcrumbList\",\"@id\":\"https:\\\/\\\/influenceassociates.com\\\/case-studies-influence-associates\\\/#breadcrumb\",\"itemListElement\":[{\"@type\":\"ListItem\",\"position\":1,\"name\":\"Home\",\"item\":\"https:\\\/\\\/influenceassociates.com\\\/\"},{\"@type\":\"ListItem\",\"position\":2,\"name\":\"Case Studies\"}]},{\"@type\":\"WebSite\",\"@id\":\"https:\\\/\\\/influenceassociates.com\\\/#website\",\"url\":\"https:\\\/\\\/influenceassociates.com\\\/\",\"name\":\"Influence Associates\",\"description\":\"Communications &amp; PR, Brand Strategy and Reputation Management\",\"potentialAction\":[{\"@type\":\"SearchAction\",\"target\":{\"@type\":\"EntryPoint\",\"urlTemplate\":\"https:\\\/\\\/influenceassociates.com\\\/?s={search_term_string}\"},\"query-input\":{\"@type\":\"PropertyValueSpecification\",\"valueRequired\":true,\"valueName\":\"search_term_string\"}}],\"inLanguage\":\"fr-FR\"}]}<\/script>\n<!-- \/ Yoast SEO plugin. -->","yoast_head_json":{"title":"\u00c9tudes de cas - Influence Associates - voir notre travail avec une vari\u00e9t\u00e9 de clients","description":"Influence Associates est le leader mondial des relations publiques dans le domaine de l'automobile, du sport automobile et des voitures de collection, de la strat\u00e9gie et de la cr\u00e9ation de marques, des relations publiques et de la communication. Voir nos \u00e9tudes de cas.","robots":{"index":"index","follow":"follow","max-snippet":"max-snippet:-1","max-image-preview":"max-image-preview:large","max-video-preview":"max-video-preview:-1"},"canonical":"https:\/\/influenceassociates.com\/fr\/etudes-de-cas-influence-associates\/","og_locale":"fr_FR","og_type":"article","og_title":"Case Studies - Influence Associates - view our work with a variety of clients","og_description":"Influence Associates are world leaders in Automotive PR, Motorsport and Classic Car, brand strategy & building, PR & communications. View our case studies.","og_url":"https:\/\/influenceassociates.com\/fr\/etudes-de-cas-influence-associates\/","og_site_name":"Influence Associates","article_modified_time":"2023-08-06T13:23:14+00:00","twitter_card":"summary_large_image","twitter_site":"@InfluenceComms","schema":{"@context":"https:\/\/schema.org","@graph":[{"@type":"WebPage","@id":"https:\/\/influenceassociates.com\/case-studies-influence-associates\/","url":"https:\/\/influenceassociates.com\/case-studies-influence-associates\/","name":"\u00c9tudes de cas - Influence Associates - voir notre travail avec une vari\u00e9t\u00e9 de clients","isPartOf":{"@id":"https:\/\/influenceassociates.com\/#website"},"datePublished":"2015-09-01T12:16:47+00:00","dateModified":"2023-08-06T13:23:14+00:00","description":"Influence Associates est le leader mondial des relations publiques dans le domaine de l'automobile, du sport automobile et des voitures de collection, de la strat\u00e9gie et de la cr\u00e9ation de marques, des relations publiques et de la communication. Voir nos \u00e9tudes de cas.","breadcrumb":{"@id":"https:\/\/influenceassociates.com\/case-studies-influence-associates\/#breadcrumb"},"inLanguage":"fr-FR","potentialAction":[{"@type":"ReadAction","target":["https:\/\/influenceassociates.com\/case-studies-influence-associates\/"]}]},{"@type":"BreadcrumbList","@id":"https:\/\/influenceassociates.com\/case-studies-influence-associates\/#breadcrumb","itemListElement":[{"@type":"ListItem","position":1,"name":"Home","item":"https:\/\/influenceassociates.com\/"},{"@type":"ListItem","position":2,"name":"Case Studies"}]},{"@type":"WebSite","@id":"https:\/\/influenceassociates.com\/#website","url":"https:\/\/influenceassociates.com\/","name":"Associ\u00e9s d'influence","description":"Communications et relations publiques, strat\u00e9gie de marque et gestion de la r\u00e9putation","potentialAction":[{"@type":"SearchAction","target":{"@type":"EntryPoint","urlTemplate":"https:\/\/influenceassociates.com\/?s={search_term_string}"},"query-input":{"@type":"PropertyValueSpecification","valueRequired":true,"valueName":"search_term_string"}}],"inLanguage":"fr-FR"}]}},"_links":{"self":[{"href":"https:\/\/influenceassociates.com\/fr\/wp-json\/wp\/v2\/pages\/25","targetHints":{"allow":["GET"]}}],"collection":[{"href":"https:\/\/influenceassociates.com\/fr\/wp-json\/wp\/v2\/pages"}],"about":[{"href":"https:\/\/influenceassociates.com\/fr\/wp-json\/wp\/v2\/types\/page"}],"author":[{"embeddable":true,"href":"https:\/\/influenceassociates.com\/fr\/wp-json\/wp\/v2\/users\/1"}],"replies":[{"embeddable":true,"href":"https:\/\/influenceassociates.com\/fr\/wp-json\/wp\/v2\/comments?post=25"}],"version-history":[{"count":1,"href":"https:\/\/influenceassociates.com\/fr\/wp-json\/wp\/v2\/pages\/25\/revisions"}],"predecessor-version":[{"id":7706,"href":"https:\/\/influenceassociates.com\/fr\/wp-json\/wp\/v2\/pages\/25\/revisions\/7706"}],"wp:attachment":[{"href":"https:\/\/influenceassociates.com\/fr\/wp-json\/wp\/v2\/media?parent=25"}],"curies":[{"name":"wp","href":"https:\/\/api.w.org\/{rel}","templated":true}]}}